{"id":6777,"date":"2018-10-08T08:36:00","date_gmt":"2018-10-08T08:36:00","guid":{"rendered":"https:\/\/www.ponsel.de\/haendlersuche\/"},"modified":"2024-04-25T09:15:00","modified_gmt":"2024-04-25T07:15:00","slug":"haendlersuche","status":"publish","type":"page","link":"https:\/\/www.ponsel.de\/en\/haendlersuche\/","title":{"rendered":"Find a retailer"},"content":{"rendered":"<h1>H\u00e4ndlersuche<\/h1>\n<h2>Finden Sie Ihren Ponsel-Ansprechpartner in Ihrer N\u00e4he.<\/h2>\n<p>Wir freuen uns, dass Sie auf uns und unsere M\u00f6bel aufmerksam geworden sind.<\/p>\n<section id=\"haendler-content\" class=\"entry-content m-all t-3of5 t-last-col d-3of5 d-last-col inhalt cf\">F\u00fcr weitere Fragen zum Verkauf sowie Preise w\u00e4hlen Sie bitte einen unserer vielen Fachhandelspartner in Ihrer N\u00e4he aus.<br \/>\nDer Verkauf unserer Polsterm\u00f6bel erfolgt ausschlie\u00dflich \u00fcber unsere Fachh\u00e4ndler. Bitte haben Sie daf\u00fcr Verst\u00e4ndnis, dass wir keinen Werksverkauf anbieten.<\/section>\n<style>\r\n\t#wpsl-stores .wpsl-store-thumb {height:45px !important; width:45px !important;}\r\n\t#wpsl-stores, #wpsl-direction-details, #wpsl-gmap {height:350px !important;}\r\n\t#wpsl-gmap .wpsl-info-window {max-width:225px !important;}\r\n\t.wpsl-input label, #wpsl-radius label, #wpsl-category label {width:95px;}\r\n\t#wpsl-search-input  {width:179px;}\r\n<\/style>\r\n<div id=\"wpsl-wrap\">\r\n\t<div class=\"wpsl-search wpsl-clearfix \">\r\n\t\t<div id=\"wpsl-search-wrap\">\r\n\t\t\t<form autocomplete=\"off\">\r\n\t\t\t<div class=\"d-flex\">\r\n\t\t\t<div class=\"col-md-6\">\r\n\t\t\t<div class=\"wpsl-input\">\r\n\t\t\t\t<div><label for=\"wpsl-search-input-country\">Country<\/label><\/div>\r\n\t\t\t\t\t<select id=\"wpsl-search-input-country\" class=\"wpsl-custom-dropdown wpsl-dropdown\" name=\"wpsl-country\">\r\n\t\t\t\t\t\t<option value=\"World\">Bitte w\u00e4hlen<\/option><option value=\"Deutschland\">Deutschland<\/option><option value=\"Schweiz\">Schweiz<\/option><option value=\"\u00d6sterreich\">\u00d6sterreich<\/option><option value=\"Niederlande\">Niederlande<\/option><option value=\"Belgien\">Belgien<\/option><option value=\"Luxemburg\">Luxemburg<\/option>\r\n\t\t\t\t\t<\/select>\r\n\t\t\t<\/div>\r\n\t\t\t<div class=\"wpsl-input\">\r\n\t\t\t\t<div><label for=\"wpsl-search-input\">Zip Code<\/label><\/div>\r\n\t\t\t\t<input id=\"wpsl-search-input\" type=\"text\" value=\"\" name=\"wpsl-search-input\" placeholder=\"\" aria-required=\"true\" \/>\r\n\t\t\t<\/div>\r\n\t\t\t<\/div>\r\n\t\t\t<div class=\"col-md-6\">\r\n\t\t\t<div class=\"wpsl-select-wrap\">\r\n\t\t\t\t<div id=\"wpsl-radius\">\r\n\t\t\t\t\t<label for=\"wpsl-radius-dropdown\">Radius in km<\/label>\r\n\t\t\t\t\t<select id=\"wpsl-radius-dropdown\" class=\"wpsl-dropdown\" name=\"wpsl-radius\">\r\n\t\t\t\t\t\t<option value=\"10\">10 km<\/option><option value=\"25\">25 km<\/option><option selected=\"selected\" value=\"50\">50 km<\/option><option value=\"100\">100 km<\/option><option value=\"200\">200 km<\/option><option value=\"500\">500 km<\/option>\r\n\t\t\t\t\t<\/select>\r\n\t\t\t\t<\/div>\r\n\t\t\t<\/div>\r\n\t\t\t<div class=\"wpsl-input\">\r\n\t\t\t\t<div><label for=\"wpsl-search-input-retailer\">Retailer name (optional)<\/label><\/div>\r\n\t\t\t\t<input id=\"wpsl-search-input-retailer\" type=\"text\" value=\"\" name=\"wpsl-search-input\" placeholder=\"\" aria-required=\"true\" \/>\r\n\t\t\t<\/div>\r\n\t\t\t<\/div>\r\n\t\t\t<\/div>\r\n\t\t\t\t<div class=\"wpsl-search-btn-wrap\"><button id=\"wpsl-search-btn\" type=\"submit\" value=\"Search\">Send<\/button><\/div>\r\n\t\t<\/form>\r\n\t\t<\/div>\r\n\t<\/div>\r\n\t<div id=\"wpsl-gmap\" class=\"wpsl-gmap-canvas\"><\/div>\r\n\t<div id=\"wpsl-result-list\">\r\n\t<h3>Retailer near you<\/h3>\r\n\t\t<div id=\"wpsl-stores\" class=\"wpsl-not-loaded\">\r\n\t\t\t<ul class=\"d-flex\"><\/ul>\r\n\t\t<\/div>\r\n\t\t<div id=\"wpsl-direction-details\">\r\n\t\t\t<ul><\/ul>\r\n\t\t<\/div>\r\n\t<\/div>\r\n<\/div>\r\n\n","protected":false},"excerpt":{"rendered":"<p>H\u00e4ndlersuche Finden Sie Ihren Ponsel-Ansprechpartner in Ihrer N\u00e4he. Wir freuen uns, dass Sie auf uns und unsere M\u00f6bel aufmerksam geworden sind. F\u00fcr weitere Fragen zum Verkauf sowie Preise w\u00e4hlen Sie bitte einen unserer vielen Fachhandelspartner in Ihrer N\u00e4he aus. Der Verkauf unserer Polsterm\u00f6bel erfolgt ausschlie\u00dflich \u00fcber unsere Fachh\u00e4ndler. Bitte haben<\/p>\n<p><a class=\"understrap-read-more-link\" href=\"https:\/\/www.ponsel.de\/en\/haendlersuche\/\">more<\/a><\/p>\n","protected":false},"author":15,"featured_media":11178,"parent":0,"menu_order":0,"comment_status":"closed","ping_status":"closed","template":"page-templates\/modularpage.php","meta":{"_acf_changed":false,"inline_featured_image":false,"footnotes":""},"class_list":["post-6777","page","type-page","status-publish","has-post-thumbnail","hentry"],"acf":[],"yoast_head":"<!-- This site is optimized with the Yoast SEO plugin v27.0 - https:\/\/yoast.com\/product\/yoast-seo-wordpress\/ -->\n<title>Find a retailer - Ponsel<\/title>\n<meta name=\"robots\" content=\"index, follow, max-snippet:-1, max-image-preview:large, max-video-preview:-1\" \/>\n<link rel=\"canonical\" href=\"https:\/\/www.ponsel.de\/en\/haendlersuche\/\" \/>\n<meta property=\"og:locale\" content=\"en_US\" \/>\n<meta property=\"og:type\" content=\"article\" \/>\n<meta property=\"og:title\" content=\"Find a retailer - Ponsel\" \/>\n<meta property=\"og:description\" content=\"H\u00e4ndlersuche Finden Sie Ihren Ponsel-Ansprechpartner in Ihrer N\u00e4he. Wir freuen uns, dass Sie auf uns und unsere M\u00f6bel aufmerksam geworden sind. F\u00fcr weitere Fragen zum Verkauf sowie Preise w\u00e4hlen Sie bitte einen unserer vielen Fachhandelspartner in Ihrer N\u00e4he aus. Der Verkauf unserer Polsterm\u00f6bel erfolgt ausschlie\u00dflich \u00fcber unsere Fachh\u00e4ndler. Bitte habenmore\" \/>\n<meta property=\"og:url\" content=\"https:\/\/www.ponsel.de\/en\/haendlersuche\/\" \/>\n<meta property=\"og:site_name\" content=\"Ponsel\" \/>\n<meta property=\"article:modified_time\" content=\"2024-04-25T07:15:00+00:00\" \/>\n<meta property=\"og:image\" content=\"https:\/\/www.ponsel.de\/wp-content\/uploads\/2024\/02\/bild-startseite-slider-1920-704-scaled.jpg\" \/>\n\t<meta property=\"og:image:width\" content=\"2560\" \/>\n\t<meta property=\"og:image:height\" content=\"1034\" \/>\n\t<meta property=\"og:image:type\" content=\"image\/jpeg\" \/>\n<meta name=\"twitter:card\" content=\"summary_large_image\" \/>\n<meta name=\"twitter:label1\" content=\"Est. reading time\" \/>\n\t<meta name=\"twitter:data1\" content=\"1 minute\" \/>\n<script type=\"application\/ld+json\" class=\"yoast-schema-graph\">{\"@context\":\"https:\/\/schema.org\",\"@graph\":[{\"@type\":\"WebPage\",\"@id\":\"https:\/\/www.ponsel.de\/en\/haendlersuche\/\",\"url\":\"https:\/\/www.ponsel.de\/en\/haendlersuche\/\",\"name\":\"Find a retailer - Ponsel\",\"isPartOf\":{\"@id\":\"https:\/\/www.ponsel.de\/#website\"},\"primaryImageOfPage\":{\"@id\":\"https:\/\/www.ponsel.de\/en\/haendlersuche\/#primaryimage\"},\"image\":{\"@id\":\"https:\/\/www.ponsel.de\/en\/haendlersuche\/#primaryimage\"},\"thumbnailUrl\":\"https:\/\/www.ponsel.de\/wp-content\/uploads\/2024\/02\/bild-startseite-slider-1920-704-scaled.jpg\",\"datePublished\":\"2018-10-08T08:36:00+00:00\",\"dateModified\":\"2024-04-25T07:15:00+00:00\",\"breadcrumb\":{\"@id\":\"https:\/\/www.ponsel.de\/en\/haendlersuche\/#breadcrumb\"},\"inLanguage\":\"en-US\",\"potentialAction\":[{\"@type\":\"ReadAction\",\"target\":[\"https:\/\/www.ponsel.de\/en\/haendlersuche\/\"]}]},{\"@type\":\"ImageObject\",\"inLanguage\":\"en-US\",\"@id\":\"https:\/\/www.ponsel.de\/en\/haendlersuche\/#primaryimage\",\"url\":\"https:\/\/www.ponsel.de\/wp-content\/uploads\/2024\/02\/bild-startseite-slider-1920-704-scaled.jpg\",\"contentUrl\":\"https:\/\/www.ponsel.de\/wp-content\/uploads\/2024\/02\/bild-startseite-slider-1920-704-scaled.jpg\",\"width\":2560,\"height\":1034},{\"@type\":\"BreadcrumbList\",\"@id\":\"https:\/\/www.ponsel.de\/en\/haendlersuche\/#breadcrumb\",\"itemListElement\":[{\"@type\":\"ListItem\",\"position\":1,\"name\":\"Startseite\",\"item\":\"https:\/\/www.ponsel.de\/en\/\"},{\"@type\":\"ListItem\",\"position\":2,\"name\":\"Find a retailer\"}]},{\"@type\":\"WebSite\",\"@id\":\"https:\/\/www.ponsel.de\/#website\",\"url\":\"https:\/\/www.ponsel.de\/\",\"name\":\"Ponsel\",\"description\":\"Polsterm\u00f6bel\",\"publisher\":{\"@id\":\"https:\/\/www.ponsel.de\/#organization\"},\"potentialAction\":[{\"@type\":\"SearchAction\",\"target\":{\"@type\":\"EntryPoint\",\"urlTemplate\":\"https:\/\/www.ponsel.de\/?s={search_term_string}\"},\"query-input\":{\"@type\":\"PropertyValueSpecification\",\"valueRequired\":true,\"valueName\":\"search_term_string\"}}],\"inLanguage\":\"en-US\"},{\"@type\":\"Organization\",\"@id\":\"https:\/\/www.ponsel.de\/#organization\",\"name\":\"Ponsel\",\"url\":\"https:\/\/www.ponsel.de\/\",\"logo\":{\"@type\":\"ImageObject\",\"inLanguage\":\"en-US\",\"@id\":\"https:\/\/www.ponsel.de\/#\/schema\/logo\/image\/\",\"url\":\"https:\/\/www.ponsel.de\/wp-content\/uploads\/2018\/11\/ponsel-logo.png\",\"contentUrl\":\"https:\/\/www.ponsel.de\/wp-content\/uploads\/2018\/11\/ponsel-logo.png\",\"width\":488,\"height\":119,\"caption\":\"Ponsel\"},\"image\":{\"@id\":\"https:\/\/www.ponsel.de\/#\/schema\/logo\/image\/\"}}]}<\/script>\n<!-- \/ Yoast SEO plugin. -->","yoast_head_json":{"title":"Find a retailer - Ponsel","robots":{"index":"index","follow":"follow","max-snippet":"max-snippet:-1","max-image-preview":"max-image-preview:large","max-video-preview":"max-video-preview:-1"},"canonical":"https:\/\/www.ponsel.de\/en\/haendlersuche\/","og_locale":"en_US","og_type":"article","og_title":"Find a retailer - Ponsel","og_description":"H\u00e4ndlersuche Finden Sie Ihren Ponsel-Ansprechpartner in Ihrer N\u00e4he. Wir freuen uns, dass Sie auf uns und unsere M\u00f6bel aufmerksam geworden sind. F\u00fcr weitere Fragen zum Verkauf sowie Preise w\u00e4hlen Sie bitte einen unserer vielen Fachhandelspartner in Ihrer N\u00e4he aus. Der Verkauf unserer Polsterm\u00f6bel erfolgt ausschlie\u00dflich \u00fcber unsere Fachh\u00e4ndler. Bitte habenmore","og_url":"https:\/\/www.ponsel.de\/en\/haendlersuche\/","og_site_name":"Ponsel","article_modified_time":"2024-04-25T07:15:00+00:00","og_image":[{"width":2560,"height":1034,"url":"https:\/\/www.ponsel.de\/wp-content\/uploads\/2024\/02\/bild-startseite-slider-1920-704-scaled.jpg","type":"image\/jpeg"}],"twitter_card":"summary_large_image","twitter_misc":{"Est. reading time":"1 minute"},"schema":{"@context":"https:\/\/schema.org","@graph":[{"@type":"WebPage","@id":"https:\/\/www.ponsel.de\/en\/haendlersuche\/","url":"https:\/\/www.ponsel.de\/en\/haendlersuche\/","name":"Find a retailer - Ponsel","isPartOf":{"@id":"https:\/\/www.ponsel.de\/#website"},"primaryImageOfPage":{"@id":"https:\/\/www.ponsel.de\/en\/haendlersuche\/#primaryimage"},"image":{"@id":"https:\/\/www.ponsel.de\/en\/haendlersuche\/#primaryimage"},"thumbnailUrl":"https:\/\/www.ponsel.de\/wp-content\/uploads\/2024\/02\/bild-startseite-slider-1920-704-scaled.jpg","datePublished":"2018-10-08T08:36:00+00:00","dateModified":"2024-04-25T07:15:00+00:00","breadcrumb":{"@id":"https:\/\/www.ponsel.de\/en\/haendlersuche\/#breadcrumb"},"inLanguage":"en-US","potentialAction":[{"@type":"ReadAction","target":["https:\/\/www.ponsel.de\/en\/haendlersuche\/"]}]},{"@type":"ImageObject","inLanguage":"en-US","@id":"https:\/\/www.ponsel.de\/en\/haendlersuche\/#primaryimage","url":"https:\/\/www.ponsel.de\/wp-content\/uploads\/2024\/02\/bild-startseite-slider-1920-704-scaled.jpg","contentUrl":"https:\/\/www.ponsel.de\/wp-content\/uploads\/2024\/02\/bild-startseite-slider-1920-704-scaled.jpg","width":2560,"height":1034},{"@type":"BreadcrumbList","@id":"https:\/\/www.ponsel.de\/en\/haendlersuche\/#breadcrumb","itemListElement":[{"@type":"ListItem","position":1,"name":"Startseite","item":"https:\/\/www.ponsel.de\/en\/"},{"@type":"ListItem","position":2,"name":"Find a retailer"}]},{"@type":"WebSite","@id":"https:\/\/www.ponsel.de\/#website","url":"https:\/\/www.ponsel.de\/","name":"Ponsel","description":"Polsterm\u00f6bel","publisher":{"@id":"https:\/\/www.ponsel.de\/#organization"},"potentialAction":[{"@type":"SearchAction","target":{"@type":"EntryPoint","urlTemplate":"https:\/\/www.ponsel.de\/?s={search_term_string}"},"query-input":{"@type":"PropertyValueSpecification","valueRequired":true,"valueName":"search_term_string"}}],"inLanguage":"en-US"},{"@type":"Organization","@id":"https:\/\/www.ponsel.de\/#organization","name":"Ponsel","url":"https:\/\/www.ponsel.de\/","logo":{"@type":"ImageObject","inLanguage":"en-US","@id":"https:\/\/www.ponsel.de\/#\/schema\/logo\/image\/","url":"https:\/\/www.ponsel.de\/wp-content\/uploads\/2018\/11\/ponsel-logo.png","contentUrl":"https:\/\/www.ponsel.de\/wp-content\/uploads\/2018\/11\/ponsel-logo.png","width":488,"height":119,"caption":"Ponsel"},"image":{"@id":"https:\/\/www.ponsel.de\/#\/schema\/logo\/image\/"}}]}},"_links":{"self":[{"href":"https:\/\/www.ponsel.de\/en\/wp-json\/wp\/v2\/pages\/6777","targetHints":{"allow":["GET"]}}],"collection":[{"href":"https:\/\/www.ponsel.de\/en\/wp-json\/wp\/v2\/pages"}],"about":[{"href":"https:\/\/www.ponsel.de\/en\/wp-json\/wp\/v2\/types\/page"}],"author":[{"embeddable":true,"href":"https:\/\/www.ponsel.de\/en\/wp-json\/wp\/v2\/users\/15"}],"replies":[{"embeddable":true,"href":"https:\/\/www.ponsel.de\/en\/wp-json\/wp\/v2\/comments?post=6777"}],"version-history":[{"count":4,"href":"https:\/\/www.ponsel.de\/en\/wp-json\/wp\/v2\/pages\/6777\/revisions"}],"predecessor-version":[{"id":6922,"href":"https:\/\/www.ponsel.de\/en\/wp-json\/wp\/v2\/pages\/6777\/revisions\/6922"}],"wp:featuredmedia":[{"embeddable":true,"href":"https:\/\/www.ponsel.de\/en\/wp-json\/wp\/v2\/media\/11178"}],"wp:attachment":[{"href":"https:\/\/www.ponsel.de\/en\/wp-json\/wp\/v2\/media?parent=6777"}],"curies":[{"name":"wp","href":"https:\/\/api.w.org\/{rel}","templated":true}]}}